{"id":1157,"date":"2023-08-24T09:48:54","date_gmt":"2023-08-24T09:48:54","guid":{"rendered":"https:\/\/agilityfrancefmbb.fr\/?page_id=1157"},"modified":"2026-02-14T14:20:16","modified_gmt":"2026-02-14T14:20:16","slug":"calendrier","status":"publish","type":"page","link":"https:\/\/agilityfrancefmbb.fr\/?page_id=1157","title":{"rendered":"Calendrier"},"content":{"rendered":"\r\n<table class=\"spiffy calendar-table bigcal\">\r\n\t<tr class=\"calendar-toggle-row\">\r\n\t  <td colspan=\"7\" class=\"calendar-toggle\" >\r\n\t\t<a class=\"calendar-toggle-button\" \r\n\t\t\t\t\thref=\"#\" \r\n\t\t\t\t\tonclick=\"return false;\" \r\n\t\t\t\t\tdata-list=\"Vue en liste\" \r\n\t\t\t\t\tdata-grid=\"Vue en grille\"\r\n\t\t\t\t\tdata-month=\"mai\"\r\n\t\t>Vue en liste<\/a>\r\n\t  <\/td>\r\n\t<\/tr>\r\n\t<tr class=\"calendar-heading\"><td colspan=\"7\" class=\"calendar-date-switcher\">\r\n\t\t<table class=\"calendar-heading-tbl\">\r\n\t\t<tr>\r\n\t\t\t<td class=\"calendar-prev\"><a rel=\"nofollow\" title=\"Mois pr\u00e9c\u00e9dent\" class=\"spiffy-calendar-arrow\" onclick=\"sessionStorage.scrollTop = jQuery(window).scrollTop();\" href=\"\/index.php?rest_route=%2Fwp%2Fv2%2Fpages%2F1157&#038;grid-list-toggle=grid&#038;month=apr&#038;yr=2026\">&lt;<\/a><\/td>\r\n\r\n\t\t\t<td class=\"calendar-month\">\r\n\t\t\t\t<form method=\"get\" action=\"\/index.php?rest_route=%2Fwp%2Fv2%2Fpages%2F1157\"><input type=\"hidden\" name=\"rest_route\" value=\"\/wp\/v2\/pages\/1157\" \/>\r\n\t\t\t\t\t<select name=\"month\">\r\n\t\t\t\t\t\t<option value=\"jan\">janvier<\/option>\r\n\t\t\t\t\t\t<option value=\"feb\">f\u00e9vrier<\/option>\r\n\t\t\t\t\t\t<option value=\"mar\">mars<\/option>\r\n\t\t\t\t\t\t<option value=\"apr\">avril<\/option>\r\n\t\t\t\t\t\t<option value=\"may\" selected=\"selected\">mai<\/option>\r\n\t\t\t\t\t\t<option value=\"jun\">juin<\/option>\r\n\t\t\t\t\t\t<option value=\"jul\">juillet<\/option> \r\n\t\t\t\t\t\t<option value=\"aug\">ao\u00fbt<\/option> \r\n\t\t\t\t\t\t<option value=\"sep\">septembre<\/option> \r\n\t\t\t\t\t\t<option value=\"oct\">octobre<\/option> \r\n\t\t\t\t\t\t<option value=\"nov\">novembre<\/option> \r\n\t\t\t\t\t\t<option value=\"dec\">d\u00e9cembre<\/option> \r\n\t\t\t\t\t<\/select>\r\n\t\t\t\t\t<select name=\"yr\">\r\n\t\t\t\t\t\t<option value=\"2025\" >2025<\/option>\r\n\t\t\t\t\t\t<option value=\"2026\"  selected>2026<\/option>\r\n\t\t\t\t\t\t<option value=\"2027\" >2027<\/option>\r\n\t\t\t\t\t\t<option value=\"2028\" >2028<\/option>\r\n\t\t\t\t\t\t<option value=\"2029\" >2029<\/option>\r\n\t\t\t\t\t\t<option value=\"2030\" >2030<\/option>\r\n\t\t\t\t\t\t<option value=\"2031\" >2031<\/option>\r\n\t\t\t\t\t\t<option value=\"2032\" >2032<\/option>\r\n\t\t\t\t\t\t<option value=\"2033\" >2033<\/option>\r\n\t\t\t\t\t\t<option value=\"2034\" >2034<\/option>\r\n\t\t\t\t\t\t<option value=\"2035\" >2035<\/option>\r\n\t\t\t\t\t\t<option value=\"2036\" >2036<\/option>\r\n\t\t\t\t\t\t<option value=\"2037\" >2037<\/option>\r\n\t\t\t\t\t\t<option value=\"2038\" >2038<\/option>\r\n\t\t\t\t\t\t<option value=\"2039\" >2039<\/option>\r\n\t\t\t\t\t\t<option value=\"2040\" >2040<\/option>\r\n\t\t\t\t\t\t<option value=\"2041\" >2041<\/option>\r\n\t\t\t\t\t\t<option value=\"2042\" >2042<\/option>\r\n\t\t\t\t\t\t<option value=\"2043\" >2043<\/option>\r\n\t\t\t\t\t\t<option value=\"2044\" >2044<\/option>\r\n\t\t\t\t\t\t<option value=\"2045\" >2045<\/option>\r\n\t\t\t\t\t\t<option value=\"2046\" >2046<\/option>\r\n\t\t\t\t\t\t<option value=\"2047\" >2047<\/option>\r\n\t\t\t\t\t\t<option value=\"2048\" >2048<\/option>\r\n\t\t\t\t\t\t<option value=\"2049\" >2049<\/option>\r\n\t\t\t\t\t\t<option value=\"2050\" >2050<\/option>\r\n\t\t\t\t\t\t<option value=\"2051\" >2051<\/option>\r\n\t\t\t\t\t\t<option value=\"2052\" >2052<\/option>\r\n\t\t\t\t\t\t<option value=\"2053\" >2053<\/option>\r\n\t\t\t\t\t\t<option value=\"2054\" >2054<\/option>\r\n\t\t\t\t\t\t<option value=\"2055\" >2055<\/option>\r\n\t\t\t\t\t<\/select>\t\t\r\n\t\t\t\t\t<input name=\"grid-list-toggle\" type=\"hidden\" value=\"grid\" \/>\t\t\r\n\t\t\t\t\t<input type=\"submit\" onclick=\"sessionStorage.scrollTop = jQuery(window).scrollTop();\" value=\"Allez\" \/>\r\n\t\t\t\t<\/form>\r\n\t\t\t<\/td>\r\n\t\t\t<td class=\"calendar-next\"><a rel=\"nofollow\" title=\"Mois suivant\" class=\"spiffy-calendar-arrow\" onclick=\"sessionStorage.scrollTop = jQuery(window).scrollTop();\" href=\"\/index.php?rest_route=%2Fwp%2Fv2%2Fpages%2F1157&#038;grid-list-toggle=grid&#038;month=jun&#038;yr=2026\">&gt;<\/a><\/td>\r\n\t\t<\/tr>\r\n\t\t<\/table>\r\n\t<\/td><\/tr><tr class=\"weekday-titles\"><td class=\"normal-day-heading\">lundi<\/td><td class=\"normal-day-heading\">mardi<\/td><td class=\"normal-day-heading\">mercredi<\/td><td class=\"normal-day-heading\">jeudi<\/td><td class=\"normal-day-heading\">vendredi<\/td><td class=\"weekend-heading\">samedi<\/td><td class=\"weekend-heading\">dimanche<\/td><\/tr><tr>\t<td class=\"day-without-date\">&nbsp;<\/td>\t<td class=\"day-without-date\">&nbsp;<\/td>\t<td class=\"day-without-date\">&nbsp;<\/td>\t<td class=\"day-without-date\">&nbsp;<\/td>\t<td class=\"spiffy-day-1  no-events day-with-date\"><span class=\"day-number\">1<\/span><span class=\"spiffy-event-group\"><\/span><\/td>\t<td class=\"spiffy-day-2  weekend no-events day-with-date\"><span class=\"day-number weekend\">2<\/span><span class=\"spiffy-event-group\"><\/span><\/td>\t<td class=\"spiffy-day-3 current-day weekend no-events day-with-date\"><span class=\"day-number weekend\">3<\/span><span class=\"spiffy-event-group\"><\/span><\/td><\/tr><tr>\t<td class=\"spiffy-day-4  no-events day-with-date\"><span class=\"day-number\">4<\/span><span class=\"spiffy-event-group\"><\/span><\/td>\t<td class=\"spiffy-day-5  no-events day-with-date\"><span class=\"day-number\">5<\/span><span class=\"spiffy-event-group\"><\/span><\/td>\t<td class=\"spiffy-day-6  no-events day-with-date\"><span class=\"day-number\">6<\/span><span class=\"spiffy-event-group\"><\/span><\/td>\t<td class=\"spiffy-day-7  no-events day-with-date\"><span class=\"day-number\">7<\/span><span class=\"spiffy-event-group\"><\/span><\/td>\t<td class=\"spiffy-day-8  no-events day-with-date\"><span class=\"day-number\">8<\/span><span class=\"spiffy-event-group\"><\/span><\/td>\t<td class=\"spiffy-day-9  weekend no-events day-with-date\"><span class=\"day-number weekend\">9<\/span><span class=\"spiffy-event-group\"><\/span><\/td>\t<td class=\"spiffy-day-10  weekend no-events day-with-date\"><span class=\"day-number weekend\">10<\/span><span class=\"spiffy-event-group\"><\/span><\/td><\/tr><tr>\t<td class=\"spiffy-day-11  day-with-date\"><span class=\"day-number\">11<\/span><span class=\"spiffy-event-group\"><span class=\"calnk category_39 category-bg spiffy-eventid-2411\"><span onclick=\"\" class=\"calnk-link\" style=\"color: #FFFFFF; background:#1e73be;\" ><span class=\"calnk-box\"><a href=\"https:\/\/2026.fmbb.be\/\" style=\"color: #FFFFFF; background:#1e73be;\"  target=\"_blank\" ><span class=\"spiffy-title\">FMBB 2026<\/span><\/a><span class=\"spiffy-popup\" style=\"color:#1e73be;\" ><a href=\"https:\/\/2026.fmbb.be\/\"  target=\"_blank\" ><span class=\"event-title\" style=\"color:#1e73be;\" >FMBB 2026<\/span><span class=\"event-title-break\"><\/span><\/a><span class=\"ca-desc-p\"><img data-recalc-dims=\"1\" loading=\"lazy\" decoding=\"async\" class=\"\" src=\"https:\/\/i0.wp.com\/2026.fmbb.be\/wp-content\/uploads\/2025\/12\/FMBB-Classic-met-C-scaled-1.png?resize=70%2C70&#038;ssl=1\" alt=\"FMBB 2026\" width=\"70\" height=\"70\" \/><\/span>\n<span class=\"ca-location-p\">Stadion Progresul Pecica<br \/>\n317235 Pecica<br \/>\nRoumanie<\/span>\n<\/span><\/span><\/span><\/span>\r\n<\/span><\/td>\t<td class=\"spiffy-day-12  day-with-date\"><span class=\"day-number\">12<\/span><span class=\"spiffy-event-group\"><span class=\"calnk category_39 category-bg spiffy-eventid-2411\"><span onclick=\"\" class=\"calnk-link\" style=\"color: #FFFFFF; background:#1e73be;\" ><span class=\"calnk-box\"><a href=\"https:\/\/2026.fmbb.be\/\" style=\"color: #FFFFFF; background:#1e73be;\"  target=\"_blank\" ><span class=\"spiffy-title\">FMBB 2026<\/span><\/a><span class=\"spiffy-popup\" style=\"color:#1e73be;\" ><a href=\"https:\/\/2026.fmbb.be\/\"  target=\"_blank\" ><span class=\"event-title\" style=\"color:#1e73be;\" >FMBB 2026<\/span><span class=\"event-title-break\"><\/span><\/a><span class=\"ca-desc-p\"><img data-recalc-dims=\"1\" loading=\"lazy\" decoding=\"async\" class=\"\" src=\"https:\/\/i0.wp.com\/2026.fmbb.be\/wp-content\/uploads\/2025\/12\/FMBB-Classic-met-C-scaled-1.png?resize=70%2C70&#038;ssl=1\" alt=\"FMBB 2026\" width=\"70\" height=\"70\" \/><\/span>\n<span class=\"ca-location-p\">Stadion Progresul Pecica<br \/>\n317235 Pecica<br \/>\nRoumanie<\/span>\n<\/span><\/span><\/span><\/span>\r\n<\/span><\/td>\t<td class=\"spiffy-day-13  day-with-date\"><span class=\"day-number\">13<\/span><span class=\"spiffy-event-group\"><span class=\"calnk category_39 category-bg spiffy-eventid-2411\"><span onclick=\"\" class=\"calnk-link\" style=\"color: #FFFFFF; background:#1e73be;\" ><span class=\"calnk-box\"><a href=\"https:\/\/2026.fmbb.be\/\" style=\"color: #FFFFFF; background:#1e73be;\"  target=\"_blank\" ><span class=\"spiffy-title\">FMBB 2026<\/span><\/a><span class=\"spiffy-popup\" style=\"color:#1e73be;\" ><a href=\"https:\/\/2026.fmbb.be\/\"  target=\"_blank\" ><span class=\"event-title\" style=\"color:#1e73be;\" >FMBB 2026<\/span><span class=\"event-title-break\"><\/span><\/a><span class=\"ca-desc-p\"><img data-recalc-dims=\"1\" loading=\"lazy\" decoding=\"async\" class=\"\" src=\"https:\/\/i0.wp.com\/2026.fmbb.be\/wp-content\/uploads\/2025\/12\/FMBB-Classic-met-C-scaled-1.png?resize=70%2C70&#038;ssl=1\" alt=\"FMBB 2026\" width=\"70\" height=\"70\" \/><\/span>\n<span class=\"ca-location-p\">Stadion Progresul Pecica<br \/>\n317235 Pecica<br \/>\nRoumanie<\/span>\n<\/span><\/span><\/span><\/span>\r\n<\/span><\/td>\t<td class=\"spiffy-day-14  day-with-date\"><span class=\"day-number\">14<\/span><span class=\"spiffy-event-group\"><span class=\"calnk category_39 category-bg spiffy-eventid-2411\"><span onclick=\"\" class=\"calnk-link\" style=\"color: #FFFFFF; background:#1e73be;\" ><span class=\"calnk-box\"><a href=\"https:\/\/2026.fmbb.be\/\" style=\"color: #FFFFFF; background:#1e73be;\"  target=\"_blank\" ><span class=\"spiffy-title\">FMBB 2026<\/span><\/a><span class=\"spiffy-popup\" style=\"color:#1e73be;\" ><a href=\"https:\/\/2026.fmbb.be\/\"  target=\"_blank\" ><span class=\"event-title\" style=\"color:#1e73be;\" >FMBB 2026<\/span><span class=\"event-title-break\"><\/span><\/a><span class=\"ca-desc-p\"><img data-recalc-dims=\"1\" loading=\"lazy\" decoding=\"async\" class=\"\" src=\"https:\/\/i0.wp.com\/2026.fmbb.be\/wp-content\/uploads\/2025\/12\/FMBB-Classic-met-C-scaled-1.png?resize=70%2C70&#038;ssl=1\" alt=\"FMBB 2026\" width=\"70\" height=\"70\" \/><\/span>\n<span class=\"ca-location-p\">Stadion Progresul Pecica<br \/>\n317235 Pecica<br \/>\nRoumanie<\/span>\n<\/span><\/span><\/span><\/span>\r\n<\/span><\/td>\t<td class=\"spiffy-day-15  day-with-date\"><span class=\"day-number\">15<\/span><span class=\"spiffy-event-group\"><span class=\"calnk category_39 category-bg spiffy-eventid-2411\"><span onclick=\"\" class=\"calnk-link\" style=\"color: #FFFFFF; background:#1e73be;\" ><span class=\"calnk-box\"><a href=\"https:\/\/2026.fmbb.be\/\" style=\"color: #FFFFFF; background:#1e73be;\"  target=\"_blank\" ><span class=\"spiffy-title\">FMBB 2026<\/span><\/a><span class=\"spiffy-popup\" style=\"color:#1e73be;\" ><a href=\"https:\/\/2026.fmbb.be\/\"  target=\"_blank\" ><span class=\"event-title\" style=\"color:#1e73be;\" >FMBB 2026<\/span><span class=\"event-title-break\"><\/span><\/a><span class=\"ca-desc-p\"><img data-recalc-dims=\"1\" loading=\"lazy\" decoding=\"async\" class=\"\" src=\"https:\/\/i0.wp.com\/2026.fmbb.be\/wp-content\/uploads\/2025\/12\/FMBB-Classic-met-C-scaled-1.png?resize=70%2C70&#038;ssl=1\" alt=\"FMBB 2026\" width=\"70\" height=\"70\" \/><\/span>\n<span class=\"ca-location-p\">Stadion Progresul Pecica<br \/>\n317235 Pecica<br \/>\nRoumanie<\/span>\n<\/span><\/span><\/span><\/span>\r\n<\/span><\/td>\t<td class=\"spiffy-day-16  weekend day-with-date\"><span class=\"day-number weekend\">16<\/span><span class=\"spiffy-event-group\"><span class=\"calnk category_39 category-bg spiffy-eventid-2411\"><span onclick=\"\" class=\"calnk-link\" style=\"color: #FFFFFF; background:#1e73be;\" ><span class=\"calnk-box\"><a href=\"https:\/\/2026.fmbb.be\/\" style=\"color: #FFFFFF; background:#1e73be;\"  target=\"_blank\" ><span class=\"spiffy-title\">FMBB 2026<\/span><\/a><span class=\"spiffy-popup\" style=\"color:#1e73be;\" ><a href=\"https:\/\/2026.fmbb.be\/\"  target=\"_blank\" ><span class=\"event-title\" style=\"color:#1e73be;\" >FMBB 2026<\/span><span class=\"event-title-break\"><\/span><\/a><span class=\"ca-desc-p\"><img data-recalc-dims=\"1\" loading=\"lazy\" decoding=\"async\" class=\"\" src=\"https:\/\/i0.wp.com\/2026.fmbb.be\/wp-content\/uploads\/2025\/12\/FMBB-Classic-met-C-scaled-1.png?resize=70%2C70&#038;ssl=1\" alt=\"FMBB 2026\" width=\"70\" height=\"70\" \/><\/span>\n<span class=\"ca-location-p\">Stadion Progresul Pecica<br \/>\n317235 Pecica<br \/>\nRoumanie<\/span>\n<\/span><\/span><\/span><\/span>\r\n<\/span><\/td>\t<td class=\"spiffy-day-17  weekend day-with-date\"><span class=\"day-number weekend\">17<\/span><span class=\"spiffy-event-group\"><span class=\"calnk category_39 category-bg spiffy-eventid-2411\"><span onclick=\"\" class=\"calnk-link\" style=\"color: #FFFFFF; background:#1e73be;\" ><span class=\"calnk-box\"><a href=\"https:\/\/2026.fmbb.be\/\" style=\"color: #FFFFFF; background:#1e73be;\"  target=\"_blank\" ><span class=\"spiffy-title\">FMBB 2026<\/span><\/a><span class=\"spiffy-popup\" style=\"color:#1e73be;\" ><a href=\"https:\/\/2026.fmbb.be\/\"  target=\"_blank\" ><span class=\"event-title\" style=\"color:#1e73be;\" >FMBB 2026<\/span><span class=\"event-title-break\"><\/span><\/a><span class=\"ca-desc-p\"><img data-recalc-dims=\"1\" loading=\"lazy\" decoding=\"async\" class=\"\" src=\"https:\/\/i0.wp.com\/2026.fmbb.be\/wp-content\/uploads\/2025\/12\/FMBB-Classic-met-C-scaled-1.png?resize=70%2C70&#038;ssl=1\" alt=\"FMBB 2026\" width=\"70\" height=\"70\" \/><\/span>\n<span class=\"ca-location-p\">Stadion Progresul Pecica<br \/>\n317235 Pecica<br \/>\nRoumanie<\/span>\n<\/span><\/span><\/span><\/span>\r\n<\/span><\/td><\/tr><tr>\t<td class=\"spiffy-day-18  no-events day-with-date\"><span class=\"day-number\">18<\/span><span class=\"spiffy-event-group\"><\/span><\/td>\t<td class=\"spiffy-day-19  no-events day-with-date\"><span class=\"day-number\">19<\/span><span class=\"spiffy-event-group\"><\/span><\/td>\t<td class=\"spiffy-day-20  no-events day-with-date\"><span class=\"day-number\">20<\/span><span class=\"spiffy-event-group\"><\/span><\/td>\t<td class=\"spiffy-day-21  no-events day-with-date\"><span class=\"day-number\">21<\/span><span class=\"spiffy-event-group\"><\/span><\/td>\t<td class=\"spiffy-day-22  no-events day-with-date\"><span class=\"day-number\">22<\/span><span class=\"spiffy-event-group\"><\/span><\/td>\t<td class=\"spiffy-day-23  weekend no-events day-with-date\"><span class=\"day-number weekend\">23<\/span><span class=\"spiffy-event-group\"><\/span><\/td>\t<td class=\"spiffy-day-24  weekend no-events day-with-date\"><span class=\"day-number weekend\">24<\/span><span class=\"spiffy-event-group\"><\/span><\/td><\/tr><tr>\t<td class=\"spiffy-day-25  no-events day-with-date\"><span class=\"day-number\">25<\/span><span class=\"spiffy-event-group\"><\/span><\/td>\t<td class=\"spiffy-day-26  no-events day-with-date\"><span class=\"day-number\">26<\/span><span class=\"spiffy-event-group\"><\/span><\/td>\t<td class=\"spiffy-day-27  no-events day-with-date\"><span class=\"day-number\">27<\/span><span class=\"spiffy-event-group\"><\/span><\/td>\t<td class=\"spiffy-day-28  no-events day-with-date\"><span class=\"day-number\">28<\/span><span class=\"spiffy-event-group\"><\/span><\/td>\t<td class=\"spiffy-day-29  no-events day-with-date\"><span class=\"day-number\">29<\/span><span class=\"spiffy-event-group\"><\/span><\/td>\t<td class=\"spiffy-day-30  weekend no-events day-with-date\"><span class=\"day-number weekend\">30<\/span><span class=\"spiffy-event-group\"><\/span><\/td>\t<td class=\"spiffy-day-31  weekend no-events day-with-date\"><span class=\"day-number weekend\">31<\/span><span class=\"spiffy-event-group\"><\/span><\/td><\/tr><tr class=\"category-key-row\"><td colspan=\"7\" class=\"category-key\" ><table class=\"spiffy cat-key\"><colgroup>\r\n\t<col style=\"width:10px; height:10px;\">\r\n\t<col>\r\n<\/colgroup>\r\n<tr><td colspan=\"2\" class=\"cat-key-cell\"><strong>Cat\u00e9gorie<\/strong><\/td><\/tr><tr class=\" spiffy-category-filter-button\" data-category=\"39\"><td style=\"background-color:#1e73be; \" class=\"cat-key-cell\"><\/td>\r\n\t<td class=\"cat-key-cell\" data-category=\"39\">&nbsp;EDF FMBB<\/td><\/tr><tr class=\" spiffy-category-filter-button\" data-category=\"38\"><td style=\"background-color:#dd3333; \" class=\"cat-key-cell\"><\/td>\r\n\t<td class=\"cat-key-cell\" data-category=\"38\">&nbsp;R\u00e9colte fonds<\/td><\/tr><\/table><\/td><\/tr><\/table>\n\n\n<hr class=\"wp-block-separator has-alpha-channel-opacity\"\/>\n\n\n\n<h2 class=\"wp-block-heading\">\u00c9v\u00e8nements \u00e0 venir <\/h2>\n\n\n<div class=\"spiffy page-upcoming-events spiffy-list-Columns\"><ul class=\"spiffy upcoming-events-list\"><li class=\"spiffy-event-details spiffy-Columns spiffy-num3\"><span class=\"spiffy-column-event category_39 spiffy-clearfix spiffy-eventid-2411\"><span class=\"spiffy-title-meta spiffy-clearfix\" style=\"border-bottom: solid 4px #1e73be;\"><span class=\"spiffy-column-date\"><span class=\"spiffy-column-day-begin\">11<\/span><span class=\"spiffy-column-month-begin\">Mai<\/span><\/span><span class=\"spiffy-title\"><a href=\"https:\/\/2026.fmbb.be\/\"  target=\"_blank\">FMBB 2026<\/a><\/span><\/span><span class=\"spiffy-desc\"><span class=\"ca-desc-p\"><img data-recalc-dims=\"1\" loading=\"lazy\" decoding=\"async\" class=\"\" src=\"https:\/\/i0.wp.com\/2026.fmbb.be\/wp-content\/uploads\/2025\/12\/FMBB-Classic-met-C-scaled-1.png?resize=70%2C70&#038;ssl=1\" alt=\"FMBB 2026\" width=\"70\" height=\"70\" \/><\/span>\n<\/span><span class=\"spiffy-meta\"><span class=\"spiffy-location\"><span class=\"ca-location-p\">Stadion Progresul Pecica<br \/>\n317235 Pecica<br \/>\nRoumanie<\/span>\n<\/span><span class=\"spiffy-column-date\">Mai 11 &#8211; Mai 17<\/span><span class=\"spiffy-link\"><a href=\"https:\/\/2026.fmbb.be\/\"  target=\"_blank\">Plus de d\u00e9tails \u00bb<\/a><\/span><\/span><\/span><\/li><li class=\"spiffy-event-details spiffy-Columns spiffy-num3\"><span class=\"spiffy-column-event category_39 spiffy-clearfix spiffy-eventid-2608\"><span class=\"spiffy-title-meta spiffy-clearfix\" style=\"border-bottom: solid 4px #1e73be;\"><span class=\"spiffy-column-date\"><span class=\"spiffy-column-day-begin\">29<\/span><span class=\"spiffy-column-month-begin\">Ao\u00fbt<\/span><\/span><span class=\"spiffy-title\">NE CFCBB 2026<\/span><\/span><span class=\"spiffy-desc\"><span class=\"ca-desc-p\"><img data-recalc-dims=\"1\" decoding=\"async\" class=\"ng-scope\" src=\"https:\/\/i0.wp.com\/www.centrale-canine.fr\/sites\/default\/files\/logos\/Capture%20d%E2%80%99%C3%A9cran%202024-12-26%20092253.jpg?w=640&#038;ssl=1\" alt=\"Club Fran\u00e7ais du Chien de Berger Belge - CFCBB aller \u00e0 l'accueil\" \/><\/span>\n<span class=\"ca-desc-p\">Juges : Florie Steen, C\u00e9dric Bargoin, Jean Roul<\/span>\n<\/span><span class=\"spiffy-meta\"><span class=\"spiffy-location\"><span class=\"ca-location-p\">Aubigny sur N\u00e8re<\/span>\n<\/span><span class=\"spiffy-column-date\">Ao\u00fbt 29 &#8211; Ao\u00fbt 30<\/span><\/span><\/span><\/li><\/ul><\/div>","protected":false},"excerpt":{"rendered":"<p>\u00c9v\u00e8nements \u00e0 venir<\/p>\n","protected":false},"author":2,"featured_media":0,"parent":0,"menu_order":0,"comment_status":"closed","ping_status":"closed","template":"","meta":{"jetpack_post_was_ever_published":false,"footnotes":""},"class_list":["post-1157","page","type-page","status-publish","hentry"],"jetpack-related-posts":[],"jetpack_sharing_enabled":true,"_links":{"self":[{"href":"https:\/\/agilityfrancefmbb.fr\/index.php?rest_route=\/wp\/v2\/pages\/1157","targetHints":{"allow":["GET"]}}],"collection":[{"href":"https:\/\/agilityfrancefmbb.fr\/index.php?rest_route=\/wp\/v2\/pages"}],"about":[{"href":"https:\/\/agilityfrancefmbb.fr\/index.php?rest_route=\/wp\/v2\/types\/page"}],"author":[{"embeddable":true,"href":"https:\/\/agilityfrancefmbb.fr\/index.php?rest_route=\/wp\/v2\/users\/2"}],"replies":[{"embeddable":true,"href":"https:\/\/agilityfrancefmbb.fr\/index.php?rest_route=%2Fwp%2Fv2%2Fcomments&post=1157"}],"version-history":[{"count":5,"href":"https:\/\/agilityfrancefmbb.fr\/index.php?rest_route=\/wp\/v2\/pages\/1157\/revisions"}],"predecessor-version":[{"id":2607,"href":"https:\/\/agilityfrancefmbb.fr\/index.php?rest_route=\/wp\/v2\/pages\/1157\/revisions\/2607"}],"wp:attachment":[{"href":"https:\/\/agilityfrancefmbb.fr\/index.php?rest_route=%2Fwp%2Fv2%2Fmedia&parent=1157"}],"curies":[{"name":"wp","href":"https:\/\/api.w.org\/{rel}","templated":true}]}}